{"id":11,"date":"2022-06-25T13:14:50","date_gmt":"2022-06-25T13:14:50","guid":{"rendered":"https:\/\/mathematiknachhilfepositiv.at\/?page_id=11"},"modified":"2022-06-26T22:54:05","modified_gmt":"2022-06-26T22:54:05","slug":"zu-meiner-person-mag-peter-cengeri","status":"publish","type":"page","link":"https:\/\/mathematiknachhilfepositiv.at\/?page_id=11","title":{"rendered":"Zu meiner Person &#8211; Mag. Peter Cengeri"},"content":{"rendered":"\n<figure class=\"wp-block-image alignright size-full\"><img loading=\"lazy\" decoding=\"async\" width=\"320\" height=\"480\" src=\"https:\/\/i0.wp.com\/mathematiknachhilfepositiv.at\/wp-content\/uploads\/2022\/06\/Photo.jpg?resize=320%2C480&#038;ssl=1\" alt=\"\" class=\"wp-image-8\" srcset=\"https:\/\/i0.wp.com\/mathematiknachhilfepositiv.at\/wp-content\/uploads\/2022\/06\/Photo.jpg?w=320&amp;ssl=1 320w, https:\/\/i0.wp.com\/mathematiknachhilfepositiv.at\/wp-content\/uploads\/2022\/06\/Photo.jpg?resize=200%2C300&amp;ssl=1 200w\" sizes=\"auto, (max-width: 320px) 100vw, 320px\" data-recalc-dims=\"1\" \/><\/figure>\n\n\n\n<p class=\"has-text-align-justify\">Ich habe das Bundesrealgymnasium in 1200 Wien besucht und sp\u00e4ter das Physikstudium an der Universit\u00e4t Wien mit Auszeichnung absolviert.<\/p>\n\n\n\n<p class=\"has-text-align-justify\">Meine Nachhilfet\u00e4tigkeit nahm ich bereits w\u00e4hrend meines Studiums auf. Nach dem Abschluss meines Diplomstudiums erwarb ich durch meine jahrelange T\u00e4tigkeit als Nachhilfelehrer und Kursleiter an diversen Instituten einen gro\u00dfen Erfahrungsschatz im Unterrichten. Mittlerweile habe ich einer beachtlichen Anzahl von Sch\u00fclerinnen und Sch\u00fclern zum schulischen Erfolg verholfen.<\/p>\n\n\n\n<p class=\"has-text-align-justify\">Neben der gezielten Beantwortung von Fragen ist es f\u00fcr mich wichtig, das Lernen zu lehren. Daher lege ich ein Augenmerk darauf, den Stoff gemeinsam zu erarbeiten. Die Sch\u00fcler sollen sehen wie eine mathematische Aufgabenstellung selbst gel\u00f6st werden kann. Meine Sch\u00fcler sch\u00e4tzen ganz besonders meine ruhige und geduldige Art- die langsame Vorgehensweise, Schritt f\u00fcr Schritt.<\/p>\n","protected":false},"excerpt":{"rendered":"<p>Ich habe das Bundesrealgymnasium in 1200 Wien besucht und sp\u00e4ter das Physikstudium an der Universit\u00e4t Wien mit Auszeichnung absolviert. Meine Nachhilfet\u00e4tigkeit nahm ich bereits w\u00e4hrend meines Studiums auf. Nach dem Abschluss meines Diplomstudiums erwarb ich durch meine jahrelange T\u00e4tigkeit als Nachhilfelehrer und Kursleiter an diversen Instituten einen gro\u00dfen Erfahrungsschatz im Unterrichten. Mittlerweile habe ich einer &hellip;<\/p>\n<p class=\"read-more\"> <a class=\"\" href=\"https:\/\/mathematiknachhilfepositiv.at\/?page_id=11\"> <span class=\"screen-reader-text\">Zu meiner Person &#8211; Mag. Peter Cengeri<\/span> Weiterlesen &raquo;<\/a><\/p>\n","protected":false},"author":1,"featured_media":0,"parent":0,"menu_order":0,"comment_status":"closed","ping_status":"closed","template":"","meta":{"site-sidebar-layout":"default","site-content-layout":"default","ast-global-header-display":"","ast-main-header-display":"","ast-hfb-above-header-display":"","ast-hfb-below-header-display":"","ast-hfb-mobile-header-display":"","site-post-title":"","ast-breadcrumbs-content":"","ast-featured-img":"","footer-sml-layout":"","theme-transparent-header-meta":"","adv-header-id-meta":"","stick-header-meta":"","header-above-stick-meta":"","header-main-stick-meta":"","header-below-stick-meta":"","footnotes":""},"class_list":["post-11","page","type-page","status-publish","hentry"],"featured_image_urls":{},"yoast_head":"<!-- This site is optimized with the Yoast SEO plugin v20.10 - https:\/\/yoast.com\/wordpress\/plugins\/seo\/ -->\n<title>Zu meiner Person - Mag. Peter Cengeri - Mathematik und Physik Nachhilfe in Wien<\/title>\n<meta name=\"robots\" content=\"index, follow, max-snippet:-1, max-image-preview:large, max-video-preview:-1\" \/>\n<link rel=\"canonical\" href=\"https:\/\/mathematiknachhilfepositiv.at\/?page_id=11\" \/>\n<meta property=\"og:locale\" content=\"de_DE\" \/>\n<meta property=\"og:type\" content=\"article\" \/>\n<meta property=\"og:title\" content=\"Zu meiner Person - Mag. Peter Cengeri - Mathematik und Physik Nachhilfe in Wien\" \/>\n<meta property=\"og:description\" content=\"Ich habe das Bundesrealgymnasium in 1200 Wien besucht und sp\u00e4ter das Physikstudium an der Universit\u00e4t Wien mit Auszeichnung absolviert. Meine Nachhilfet\u00e4tigkeit nahm ich bereits w\u00e4hrend meines Studiums auf. Nach dem Abschluss meines Diplomstudiums erwarb ich durch meine jahrelange T\u00e4tigkeit als Nachhilfelehrer und Kursleiter an diversen Instituten einen gro\u00dfen Erfahrungsschatz im Unterrichten. Mittlerweile habe ich einer &hellip; Zu meiner Person &#8211; Mag. Peter Cengeri Weiterlesen &raquo;\" \/>\n<meta property=\"og:url\" content=\"https:\/\/mathematiknachhilfepositiv.at\/?page_id=11\" \/>\n<meta property=\"og:site_name\" content=\"Mathematik und Physik Nachhilfe in Wien\" \/>\n<meta property=\"article:publisher\" content=\"https:\/\/www.facebook.com\/MathematikNachhilfePositiv\" \/>\n<meta property=\"article:modified_time\" content=\"2022-06-26T22:54:05+00:00\" \/>\n<meta property=\"og:image\" content=\"https:\/\/mathematiknachhilfepositiv.at\/wp-content\/uploads\/2022\/06\/Photo.jpg\" \/>\n<meta name=\"twitter:card\" content=\"summary_large_image\" \/>\n<meta name=\"twitter:label1\" content=\"Gesch\u00e4tzte Lesezeit\" \/>\n\t<meta name=\"twitter:data1\" content=\"1\u00a0Minute\" \/>\n<script type=\"application\/ld+json\" class=\"yoast-schema-graph\">{\"@context\":\"https:\/\/schema.org\",\"@graph\":[{\"@type\":\"WebPage\",\"@id\":\"https:\/\/mathematiknachhilfepositiv.at\/?page_id=11\",\"url\":\"https:\/\/mathematiknachhilfepositiv.at\/?page_id=11\",\"name\":\"Zu meiner Person - Mag. Peter Cengeri - Mathematik und Physik Nachhilfe in Wien\",\"isPartOf\":{\"@id\":\"https:\/\/mathematiknachhilfepositiv.at\/#website\"},\"datePublished\":\"2022-06-25T13:14:50+00:00\",\"dateModified\":\"2022-06-26T22:54:05+00:00\",\"breadcrumb\":{\"@id\":\"https:\/\/mathematiknachhilfepositiv.at\/?page_id=11#breadcrumb\"},\"inLanguage\":\"de\",\"potentialAction\":[{\"@type\":\"ReadAction\",\"target\":[\"https:\/\/mathematiknachhilfepositiv.at\/?page_id=11\"]}]},{\"@type\":\"BreadcrumbList\",\"@id\":\"https:\/\/mathematiknachhilfepositiv.at\/?page_id=11#breadcrumb\",\"itemListElement\":[{\"@type\":\"ListItem\",\"position\":1,\"name\":\"Startseite\",\"item\":\"https:\/\/mathematiknachhilfepositiv.at\/\"},{\"@type\":\"ListItem\",\"position\":2,\"name\":\"Zu meiner Person &#8211; Mag. Peter Cengeri\"}]},{\"@type\":\"WebSite\",\"@id\":\"https:\/\/mathematiknachhilfepositiv.at\/#website\",\"url\":\"https:\/\/mathematiknachhilfepositiv.at\/\",\"name\":\"Mathematik und Physik Nachhilfe in Wien\",\"description\":\"Die Nachhilfe in Mathematik und Physik, wenn es wieder gut werden muss. Zuverl\u00e4ssig und schnell, mit langj\u00e4hriger Erfahrung und hocher Erfolgsquote.\",\"publisher\":{\"@id\":\"https:\/\/mathematiknachhilfepositiv.at\/#organization\"},\"potentialAction\":[{\"@type\":\"SearchAction\",\"target\":{\"@type\":\"EntryPoint\",\"urlTemplate\":\"https:\/\/mathematiknachhilfepositiv.at\/?s={search_term_string}\"},\"query-input\":\"required name=search_term_string\"}],\"inLanguage\":\"de\"},{\"@type\":\"Organization\",\"@id\":\"https:\/\/mathematiknachhilfepositiv.at\/#organization\",\"name\":\"Mathematik Nachhhilfe Positiv\",\"url\":\"https:\/\/mathematiknachhilfepositiv.at\/\",\"logo\":{\"@type\":\"ImageObject\",\"inLanguage\":\"de\",\"@id\":\"https:\/\/mathematiknachhilfepositiv.at\/#\/schema\/logo\/image\/\",\"url\":\"https:\/\/i0.wp.com\/mathematiknachhilfepositiv.at\/wp-content\/uploads\/2022\/06\/cropped-Logo-scaled-2.jpg?fit=2324%2C2293&ssl=1\",\"contentUrl\":\"https:\/\/i0.wp.com\/mathematiknachhilfepositiv.at\/wp-content\/uploads\/2022\/06\/cropped-Logo-scaled-2.jpg?fit=2324%2C2293&ssl=1\",\"width\":2324,\"height\":2293,\"caption\":\"Mathematik Nachhhilfe Positiv\"},\"image\":{\"@id\":\"https:\/\/mathematiknachhilfepositiv.at\/#\/schema\/logo\/image\/\"},\"sameAs\":[\"https:\/\/www.facebook.com\/MathematikNachhilfePositiv\"]}]}<\/script>\n<!-- \/ Yoast SEO plugin. -->","yoast_head_json":{"title":"Zu meiner Person - Mag. Peter Cengeri - Mathematik und Physik Nachhilfe in Wien","robots":{"index":"index","follow":"follow","max-snippet":"max-snippet:-1","max-image-preview":"max-image-preview:large","max-video-preview":"max-video-preview:-1"},"canonical":"https:\/\/mathematiknachhilfepositiv.at\/?page_id=11","og_locale":"de_DE","og_type":"article","og_title":"Zu meiner Person - Mag. Peter Cengeri - Mathematik und Physik Nachhilfe in Wien","og_description":"Ich habe das Bundesrealgymnasium in 1200 Wien besucht und sp\u00e4ter das Physikstudium an der Universit\u00e4t Wien mit Auszeichnung absolviert. Meine Nachhilfet\u00e4tigkeit nahm ich bereits w\u00e4hrend meines Studiums auf. Nach dem Abschluss meines Diplomstudiums erwarb ich durch meine jahrelange T\u00e4tigkeit als Nachhilfelehrer und Kursleiter an diversen Instituten einen gro\u00dfen Erfahrungsschatz im Unterrichten. Mittlerweile habe ich einer &hellip; Zu meiner Person &#8211; Mag. Peter Cengeri Weiterlesen &raquo;","og_url":"https:\/\/mathematiknachhilfepositiv.at\/?page_id=11","og_site_name":"Mathematik und Physik Nachhilfe in Wien","article_publisher":"https:\/\/www.facebook.com\/MathematikNachhilfePositiv","article_modified_time":"2022-06-26T22:54:05+00:00","og_image":[{"url":"https:\/\/mathematiknachhilfepositiv.at\/wp-content\/uploads\/2022\/06\/Photo.jpg"}],"twitter_card":"summary_large_image","twitter_misc":{"Gesch\u00e4tzte Lesezeit":"1\u00a0Minute"},"schema":{"@context":"https:\/\/schema.org","@graph":[{"@type":"WebPage","@id":"https:\/\/mathematiknachhilfepositiv.at\/?page_id=11","url":"https:\/\/mathematiknachhilfepositiv.at\/?page_id=11","name":"Zu meiner Person - Mag. Peter Cengeri - Mathematik und Physik Nachhilfe in Wien","isPartOf":{"@id":"https:\/\/mathematiknachhilfepositiv.at\/#website"},"datePublished":"2022-06-25T13:14:50+00:00","dateModified":"2022-06-26T22:54:05+00:00","breadcrumb":{"@id":"https:\/\/mathematiknachhilfepositiv.at\/?page_id=11#breadcrumb"},"inLanguage":"de","potentialAction":[{"@type":"ReadAction","target":["https:\/\/mathematiknachhilfepositiv.at\/?page_id=11"]}]},{"@type":"BreadcrumbList","@id":"https:\/\/mathematiknachhilfepositiv.at\/?page_id=11#breadcrumb","itemListElement":[{"@type":"ListItem","position":1,"name":"Startseite","item":"https:\/\/mathematiknachhilfepositiv.at\/"},{"@type":"ListItem","position":2,"name":"Zu meiner Person &#8211; Mag. Peter Cengeri"}]},{"@type":"WebSite","@id":"https:\/\/mathematiknachhilfepositiv.at\/#website","url":"https:\/\/mathematiknachhilfepositiv.at\/","name":"Mathematik und Physik Nachhilfe in Wien","description":"Die Nachhilfe in Mathematik und Physik, wenn es wieder gut werden muss. Zuverl\u00e4ssig und schnell, mit langj\u00e4hriger Erfahrung und hocher Erfolgsquote.","publisher":{"@id":"https:\/\/mathematiknachhilfepositiv.at\/#organization"},"potentialAction":[{"@type":"SearchAction","target":{"@type":"EntryPoint","urlTemplate":"https:\/\/mathematiknachhilfepositiv.at\/?s={search_term_string}"},"query-input":"required name=search_term_string"}],"inLanguage":"de"},{"@type":"Organization","@id":"https:\/\/mathematiknachhilfepositiv.at\/#organization","name":"Mathematik Nachhhilfe Positiv","url":"https:\/\/mathematiknachhilfepositiv.at\/","logo":{"@type":"ImageObject","inLanguage":"de","@id":"https:\/\/mathematiknachhilfepositiv.at\/#\/schema\/logo\/image\/","url":"https:\/\/i0.wp.com\/mathematiknachhilfepositiv.at\/wp-content\/uploads\/2022\/06\/cropped-Logo-scaled-2.jpg?fit=2324%2C2293&ssl=1","contentUrl":"https:\/\/i0.wp.com\/mathematiknachhilfepositiv.at\/wp-content\/uploads\/2022\/06\/cropped-Logo-scaled-2.jpg?fit=2324%2C2293&ssl=1","width":2324,"height":2293,"caption":"Mathematik Nachhhilfe Positiv"},"image":{"@id":"https:\/\/mathematiknachhilfepositiv.at\/#\/schema\/logo\/image\/"},"sameAs":["https:\/\/www.facebook.com\/MathematikNachhilfePositiv"]}]}},"_links":{"self":[{"href":"https:\/\/mathematiknachhilfepositiv.at\/index.php?rest_route=\/wp\/v2\/pages\/11","targetHints":{"allow":["GET"]}}],"collection":[{"href":"https:\/\/mathematiknachhilfepositiv.at\/index.php?rest_route=\/wp\/v2\/pages"}],"about":[{"href":"https:\/\/mathematiknachhilfepositiv.at\/index.php?rest_route=\/wp\/v2\/types\/page"}],"author":[{"embeddable":true,"href":"https:\/\/mathematiknachhilfepositiv.at\/index.php?rest_route=\/wp\/v2\/users\/1"}],"replies":[{"embeddable":true,"href":"https:\/\/mathematiknachhilfepositiv.at\/index.php?rest_route=%2Fwp%2Fv2%2Fcomments&post=11"}],"version-history":[{"count":2,"href":"https:\/\/mathematiknachhilfepositiv.at\/index.php?rest_route=\/wp\/v2\/pages\/11\/revisions"}],"predecessor-version":[{"id":122,"href":"https:\/\/mathematiknachhilfepositiv.at\/index.php?rest_route=\/wp\/v2\/pages\/11\/revisions\/122"}],"wp:attachment":[{"href":"https:\/\/mathematiknachhilfepositiv.at\/index.php?rest_route=%2Fwp%2Fv2%2Fmedia&parent=11"}],"curies":[{"name":"wp","href":"https:\/\/api.w.org\/{rel}","templated":true}]}}