{"id":13,"date":"2022-06-25T13:30:46","date_gmt":"2022-06-25T13:30:46","guid":{"rendered":"https:\/\/mathematiknachhilfepositiv.at\/?page_id=13"},"modified":"2022-09-03T14:34:25","modified_gmt":"2022-09-03T14:34:25","slug":"__trashed","status":"publish","type":"page","link":"https:\/\/mathematiknachhilfepositiv.at\/?page_id=13","title":{"rendered":"Qualifizierter Nachhilfelehrer f\u00fcr den Raum Wien und Umgebung"},"content":{"rendered":"\n<p>Ich biete Nachhilfe in den F\u00e4chern Mathematik und Physik bis zur Matura an (AHS, NMS, HTL).<\/p>\n\n\n\n<p class=\"has-text-align-justify\">Ich komme im Raum Wien und Wien-Umgebung gerne zu Ihnen nach Hause und unterst\u00fctze Sie somit in gewohnter Lernumgebung, da dies viel effizienter ist als der Gruppenunterricht an einem anderen Ort. Sie sparen sich somit Zeit und Aufwand f\u00fcr die Anreise. Gleichzeitig sind Sie in der N\u00e4he Ihres Kindes und in st\u00e4ndigem Kontakt zu mir. Daher k\u00f6nnen Sie sofort W\u00fcnsche einbringen und den Lernerfolg mitverfolgen. Auf diese Weise k\u00f6nnen wir alle gemeinsam Lehrer, Sch\u00fcler und Eltern sehr schnell auf einen gemeinsamen Erfolg hinarbeiten und erzielen.<\/p>\n\n\n\n<p class=\"has-text-align-justify\">Ich biete auch Onlineunterricht sowie Nachhilfeunterricht in Kleingruppen mit max. zwei Sch\u00fclern an. Gemeinsam wird der Stoff erarbeitet, und auf die speziellen Bed\u00fcrfnisse der Sch\u00fcler eingegangen. Somit erhalten Sie von mir einen individuellen, ma\u00dfgeschneiderten Unterricht in klassischer und bew\u00e4hrter Form.<\/p>\n\n\n\n<p><strong>Biete:<\/strong><\/p>\n\n\n\n<p class=\"has-ast-global-color-0-color has-text-color\">&#x2714; Regelm\u00e4ssige Betreuung<\/p>\n\n\n\n<p class=\"has-ast-global-color-0-color has-text-color\">&#x2714; Punktuelle Einheiten vor Schularbeiten und Pr\u00fcfungen<\/p>\n\n\n\n<p class=\"has-ast-global-color-0-color has-text-color\">&#x2714; Vorbereitung f\u00fcr Nachpr\u00fcfungen<\/p>\n\n\n\n<p class=\"has-ast-global-color-0-color has-text-color\">&#x2714; Hilfe f\u00fcr die Zentralmatura<\/p>\n\n\n\n<p class=\"has-ast-global-color-0-color has-text-color\"> <\/p>\n\n\n\n<p><\/p>\n\n\n\n<p><\/p>\n\n\n\n<p><\/p>\n\n\n\n<p>Bei mir handelt es sich um kein Institut. Daher ersparen Sie sich unn\u00f6tige B\u00fcrokratie und langsame Terminfindungen.<\/p>\n\n\n\n<p><strong>Kontakt<\/strong>:<\/p>\n\n\n\n<p>Tel: 0681 205 105 77 <\/p>\n\n\n\n<p>Mail: <a href=\"mailto:cengeri@drei.at\">peter@cengeri.eu<\/a><\/p>\n","protected":false},"excerpt":{"rendered":"<p>Ich biete Nachhilfe in den F\u00e4chern Mathematik und Physik bis zur Matura an (AHS, NMS, HTL). Ich komme im Raum Wien und Wien-Umgebung gerne zu Ihnen nach Hause und unterst\u00fctze Sie somit in gewohnter Lernumgebung, da dies viel effizienter ist als der Gruppenunterricht an einem anderen Ort. Sie sparen sich somit Zeit und Aufwand f\u00fcr &hellip;<\/p>\n<p class=\"read-more\"> <a class=\"\" href=\"https:\/\/mathematiknachhilfepositiv.at\/?page_id=13\"> <span class=\"screen-reader-text\">Qualifizierter Nachhilfelehrer f\u00fcr den Raum Wien und Umgebung<\/span> Weiterlesen &raquo;<\/a><\/p>\n","protected":false},"author":1,"featured_media":0,"parent":0,"menu_order":0,"comment_status":"closed","ping_status":"closed","template":"","meta":{"site-sidebar-layout":"default","site-content-layout":"default","ast-global-header-display":"","ast-main-header-display":"","ast-hfb-above-header-display":"","ast-hfb-below-header-display":"","ast-hfb-mobile-header-display":"","site-post-title":"disabled","ast-breadcrumbs-content":"","ast-featured-img":"","footer-sml-layout":"","theme-transparent-header-meta":"","adv-header-id-meta":"","stick-header-meta":"","header-above-stick-meta":"","header-main-stick-meta":"","header-below-stick-meta":"","footnotes":""},"class_list":["post-13","page","type-page","status-publish","hentry"],"featured_image_urls":{},"yoast_head":"<!-- This site is optimized with the Yoast SEO plugin v20.10 - https:\/\/yoast.com\/wordpress\/plugins\/seo\/ -->\n<title>Qualifizierter Nachhilfelehrer f\u00fcr den Raum Wien und Umgebung - Mathematik und Physik Nachhilfe in Wien<\/title>\n<meta name=\"robots\" content=\"index, follow, max-snippet:-1, max-image-preview:large, max-video-preview:-1\" \/>\n<link rel=\"canonical\" href=\"https:\/\/mathematiknachhilfepositiv.at\/?page_id=13\" \/>\n<meta property=\"og:locale\" content=\"de_DE\" \/>\n<meta property=\"og:type\" content=\"article\" \/>\n<meta property=\"og:title\" content=\"Qualifizierter Nachhilfelehrer f\u00fcr den Raum Wien und Umgebung - Mathematik und Physik Nachhilfe in Wien\" \/>\n<meta property=\"og:description\" content=\"Ich biete Nachhilfe in den F\u00e4chern Mathematik und Physik bis zur Matura an (AHS, NMS, HTL). Ich komme im Raum Wien und Wien-Umgebung gerne zu Ihnen nach Hause und unterst\u00fctze Sie somit in gewohnter Lernumgebung, da dies viel effizienter ist als der Gruppenunterricht an einem anderen Ort. Sie sparen sich somit Zeit und Aufwand f\u00fcr &hellip; Qualifizierter Nachhilfelehrer f\u00fcr den Raum Wien und Umgebung Weiterlesen &raquo;\" \/>\n<meta property=\"og:url\" content=\"https:\/\/mathematiknachhilfepositiv.at\/?page_id=13\" \/>\n<meta property=\"og:site_name\" content=\"Mathematik und Physik Nachhilfe in Wien\" \/>\n<meta property=\"article:publisher\" content=\"https:\/\/www.facebook.com\/MathematikNachhilfePositiv\" \/>\n<meta property=\"article:modified_time\" content=\"2022-09-03T14:34:25+00:00\" \/>\n<meta name=\"twitter:card\" content=\"summary_large_image\" \/>\n<meta name=\"twitter:label1\" content=\"Gesch\u00e4tzte Lesezeit\" \/>\n\t<meta name=\"twitter:data1\" content=\"2\u00a0Minuten\" \/>\n<script type=\"application\/ld+json\" class=\"yoast-schema-graph\">{\"@context\":\"https:\/\/schema.org\",\"@graph\":[{\"@type\":\"WebPage\",\"@id\":\"https:\/\/mathematiknachhilfepositiv.at\/?page_id=13\",\"url\":\"https:\/\/mathematiknachhilfepositiv.at\/?page_id=13\",\"name\":\"Qualifizierter Nachhilfelehrer f\u00fcr den Raum Wien und Umgebung - Mathematik und Physik Nachhilfe in Wien\",\"isPartOf\":{\"@id\":\"https:\/\/mathematiknachhilfepositiv.at\/#website\"},\"datePublished\":\"2022-06-25T13:30:46+00:00\",\"dateModified\":\"2022-09-03T14:34:25+00:00\",\"breadcrumb\":{\"@id\":\"https:\/\/mathematiknachhilfepositiv.at\/?page_id=13#breadcrumb\"},\"inLanguage\":\"de\",\"potentialAction\":[{\"@type\":\"ReadAction\",\"target\":[\"https:\/\/mathematiknachhilfepositiv.at\/?page_id=13\"]}]},{\"@type\":\"BreadcrumbList\",\"@id\":\"https:\/\/mathematiknachhilfepositiv.at\/?page_id=13#breadcrumb\",\"itemListElement\":[{\"@type\":\"ListItem\",\"position\":1,\"name\":\"Startseite\",\"item\":\"https:\/\/mathematiknachhilfepositiv.at\/\"},{\"@type\":\"ListItem\",\"position\":2,\"name\":\"Qualifizierter Nachhilfelehrer f\u00fcr den Raum Wien und Umgebung\"}]},{\"@type\":\"WebSite\",\"@id\":\"https:\/\/mathematiknachhilfepositiv.at\/#website\",\"url\":\"https:\/\/mathematiknachhilfepositiv.at\/\",\"name\":\"Mathematik und Physik Nachhilfe in Wien\",\"description\":\"Die Nachhilfe in Mathematik und Physik, wenn es wieder gut werden muss. Zuverl\u00e4ssig und schnell, mit langj\u00e4hriger Erfahrung und hocher Erfolgsquote.\",\"publisher\":{\"@id\":\"https:\/\/mathematiknachhilfepositiv.at\/#organization\"},\"potentialAction\":[{\"@type\":\"SearchAction\",\"target\":{\"@type\":\"EntryPoint\",\"urlTemplate\":\"https:\/\/mathematiknachhilfepositiv.at\/?s={search_term_string}\"},\"query-input\":\"required name=search_term_string\"}],\"inLanguage\":\"de\"},{\"@type\":\"Organization\",\"@id\":\"https:\/\/mathematiknachhilfepositiv.at\/#organization\",\"name\":\"Mathematik Nachhhilfe Positiv\",\"url\":\"https:\/\/mathematiknachhilfepositiv.at\/\",\"logo\":{\"@type\":\"ImageObject\",\"inLanguage\":\"de\",\"@id\":\"https:\/\/mathematiknachhilfepositiv.at\/#\/schema\/logo\/image\/\",\"url\":\"https:\/\/i0.wp.com\/mathematiknachhilfepositiv.at\/wp-content\/uploads\/2022\/06\/cropped-Logo-scaled-2.jpg?fit=2324%2C2293&ssl=1\",\"contentUrl\":\"https:\/\/i0.wp.com\/mathematiknachhilfepositiv.at\/wp-content\/uploads\/2022\/06\/cropped-Logo-scaled-2.jpg?fit=2324%2C2293&ssl=1\",\"width\":2324,\"height\":2293,\"caption\":\"Mathematik Nachhhilfe Positiv\"},\"image\":{\"@id\":\"https:\/\/mathematiknachhilfepositiv.at\/#\/schema\/logo\/image\/\"},\"sameAs\":[\"https:\/\/www.facebook.com\/MathematikNachhilfePositiv\"]}]}<\/script>\n<!-- \/ Yoast SEO plugin. -->","yoast_head_json":{"title":"Qualifizierter Nachhilfelehrer f\u00fcr den Raum Wien und Umgebung - Mathematik und Physik Nachhilfe in Wien","robots":{"index":"index","follow":"follow","max-snippet":"max-snippet:-1","max-image-preview":"max-image-preview:large","max-video-preview":"max-video-preview:-1"},"canonical":"https:\/\/mathematiknachhilfepositiv.at\/?page_id=13","og_locale":"de_DE","og_type":"article","og_title":"Qualifizierter Nachhilfelehrer f\u00fcr den Raum Wien und Umgebung - Mathematik und Physik Nachhilfe in Wien","og_description":"Ich biete Nachhilfe in den F\u00e4chern Mathematik und Physik bis zur Matura an (AHS, NMS, HTL). Ich komme im Raum Wien und Wien-Umgebung gerne zu Ihnen nach Hause und unterst\u00fctze Sie somit in gewohnter Lernumgebung, da dies viel effizienter ist als der Gruppenunterricht an einem anderen Ort. Sie sparen sich somit Zeit und Aufwand f\u00fcr &hellip; Qualifizierter Nachhilfelehrer f\u00fcr den Raum Wien und Umgebung Weiterlesen &raquo;","og_url":"https:\/\/mathematiknachhilfepositiv.at\/?page_id=13","og_site_name":"Mathematik und Physik Nachhilfe in Wien","article_publisher":"https:\/\/www.facebook.com\/MathematikNachhilfePositiv","article_modified_time":"2022-09-03T14:34:25+00:00","twitter_card":"summary_large_image","twitter_misc":{"Gesch\u00e4tzte Lesezeit":"2\u00a0Minuten"},"schema":{"@context":"https:\/\/schema.org","@graph":[{"@type":"WebPage","@id":"https:\/\/mathematiknachhilfepositiv.at\/?page_id=13","url":"https:\/\/mathematiknachhilfepositiv.at\/?page_id=13","name":"Qualifizierter Nachhilfelehrer f\u00fcr den Raum Wien und Umgebung - Mathematik und Physik Nachhilfe in Wien","isPartOf":{"@id":"https:\/\/mathematiknachhilfepositiv.at\/#website"},"datePublished":"2022-06-25T13:30:46+00:00","dateModified":"2022-09-03T14:34:25+00:00","breadcrumb":{"@id":"https:\/\/mathematiknachhilfepositiv.at\/?page_id=13#breadcrumb"},"inLanguage":"de","potentialAction":[{"@type":"ReadAction","target":["https:\/\/mathematiknachhilfepositiv.at\/?page_id=13"]}]},{"@type":"BreadcrumbList","@id":"https:\/\/mathematiknachhilfepositiv.at\/?page_id=13#breadcrumb","itemListElement":[{"@type":"ListItem","position":1,"name":"Startseite","item":"https:\/\/mathematiknachhilfepositiv.at\/"},{"@type":"ListItem","position":2,"name":"Qualifizierter Nachhilfelehrer f\u00fcr den Raum Wien und Umgebung"}]},{"@type":"WebSite","@id":"https:\/\/mathematiknachhilfepositiv.at\/#website","url":"https:\/\/mathematiknachhilfepositiv.at\/","name":"Mathematik und Physik Nachhilfe in Wien","description":"Die Nachhilfe in Mathematik und Physik, wenn es wieder gut werden muss. Zuverl\u00e4ssig und schnell, mit langj\u00e4hriger Erfahrung und hocher Erfolgsquote.","publisher":{"@id":"https:\/\/mathematiknachhilfepositiv.at\/#organization"},"potentialAction":[{"@type":"SearchAction","target":{"@type":"EntryPoint","urlTemplate":"https:\/\/mathematiknachhilfepositiv.at\/?s={search_term_string}"},"query-input":"required name=search_term_string"}],"inLanguage":"de"},{"@type":"Organization","@id":"https:\/\/mathematiknachhilfepositiv.at\/#organization","name":"Mathematik Nachhhilfe Positiv","url":"https:\/\/mathematiknachhilfepositiv.at\/","logo":{"@type":"ImageObject","inLanguage":"de","@id":"https:\/\/mathematiknachhilfepositiv.at\/#\/schema\/logo\/image\/","url":"https:\/\/i0.wp.com\/mathematiknachhilfepositiv.at\/wp-content\/uploads\/2022\/06\/cropped-Logo-scaled-2.jpg?fit=2324%2C2293&ssl=1","contentUrl":"https:\/\/i0.wp.com\/mathematiknachhilfepositiv.at\/wp-content\/uploads\/2022\/06\/cropped-Logo-scaled-2.jpg?fit=2324%2C2293&ssl=1","width":2324,"height":2293,"caption":"Mathematik Nachhhilfe Positiv"},"image":{"@id":"https:\/\/mathematiknachhilfepositiv.at\/#\/schema\/logo\/image\/"},"sameAs":["https:\/\/www.facebook.com\/MathematikNachhilfePositiv"]}]}},"_links":{"self":[{"href":"https:\/\/mathematiknachhilfepositiv.at\/index.php?rest_route=\/wp\/v2\/pages\/13","targetHints":{"allow":["GET"]}}],"collection":[{"href":"https:\/\/mathematiknachhilfepositiv.at\/index.php?rest_route=\/wp\/v2\/pages"}],"about":[{"href":"https:\/\/mathematiknachhilfepositiv.at\/index.php?rest_route=\/wp\/v2\/types\/page"}],"author":[{"embeddable":true,"href":"https:\/\/mathematiknachhilfepositiv.at\/index.php?rest_route=\/wp\/v2\/users\/1"}],"replies":[{"embeddable":true,"href":"https:\/\/mathematiknachhilfepositiv.at\/index.php?rest_route=%2Fwp%2Fv2%2Fcomments&post=13"}],"version-history":[{"count":14,"href":"https:\/\/mathematiknachhilfepositiv.at\/index.php?rest_route=\/wp\/v2\/pages\/13\/revisions"}],"predecessor-version":[{"id":148,"href":"https:\/\/mathematiknachhilfepositiv.at\/index.php?rest_route=\/wp\/v2\/pages\/13\/revisions\/148"}],"wp:attachment":[{"href":"https:\/\/mathematiknachhilfepositiv.at\/index.php?rest_route=%2Fwp%2Fv2%2Fmedia&parent=13"}],"curies":[{"name":"wp","href":"https:\/\/api.w.org\/{rel}","templated":true}]}}