{"id":17,"date":"2022-06-25T13:24:08","date_gmt":"2022-06-25T13:24:08","guid":{"rendered":"https:\/\/mathematiknachhilfepositiv.at\/?page_id=17"},"modified":"2022-06-25T13:30:36","modified_gmt":"2022-06-25T13:30:36","slug":"nachhilfe-in-wien","status":"publish","type":"page","link":"https:\/\/mathematiknachhilfepositiv.at\/?page_id=17","title":{"rendered":"Nachhilfe in Wien"},"content":{"rendered":"\n<p><strong>Die klassische Nachhilfe bei Ihnen zu Hause<\/strong><\/p>\n\n\n\n<p>Ich komme zu Ihnen nach Hause in Wien und Wien-Umgebung. Somit verlieren Sie keine Zeit bei der Fahrt zum Unterricht. <\/p>\n\n\n\n<p>Diese klassische Art der Nachhilfe ist die effektivste und verspricht den gr\u00f6\u00dften Lernerfolg. Durch diese intensive Einzelbetreuung kann auf die speziellen Bed\u00fcrfnisse des Sch\u00fclers eingegangen werden. Somit erhalten Sie einen individuellen und ma\u00dfgeschneiderten Unterricht.<\/p>\n","protected":false},"excerpt":{"rendered":"<p>Die klassische Nachhilfe bei Ihnen zu Hause Ich komme zu Ihnen nach Hause in Wien und Wien-Umgebung. Somit verlieren Sie keine Zeit bei der Fahrt zum Unterricht. Diese klassische Art der Nachhilfe ist die effektivste und verspricht den gr\u00f6\u00dften Lernerfolg. Durch diese intensive Einzelbetreuung kann auf die speziellen Bed\u00fcrfnisse des Sch\u00fclers eingegangen werden. Somit erhalten &hellip;<\/p>\n<p class=\"read-more\"> <a class=\"\" href=\"https:\/\/mathematiknachhilfepositiv.at\/?page_id=17\"> <span class=\"screen-reader-text\">Nachhilfe in Wien<\/span> Weiterlesen &raquo;<\/a><\/p>\n","protected":false},"author":1,"featured_media":0,"parent":0,"menu_order":0,"comment_status":"closed","ping_status":"closed","template":"","meta":{"site-sidebar-layout":"default","site-content-layout":"default","ast-global-header-display":"","ast-main-header-display":"","ast-hfb-above-header-display":"","ast-hfb-below-header-display":"","ast-hfb-mobile-header-display":"","site-post-title":"","ast-breadcrumbs-content":"","ast-featured-img":"","footer-sml-layout":"","theme-transparent-header-meta":"","adv-header-id-meta":"","stick-header-meta":"","header-above-stick-meta":"","header-main-stick-meta":"","header-below-stick-meta":"","footnotes":""},"class_list":["post-17","page","type-page","status-publish","hentry"],"featured_image_urls":{},"yoast_head":"<!-- This site is optimized with the Yoast SEO plugin v20.10 - https:\/\/yoast.com\/wordpress\/plugins\/seo\/ -->\n<title>Nachhilfe in Wien - Mathematik und Physik Nachhilfe in Wien<\/title>\n<meta name=\"robots\" content=\"index, follow, max-snippet:-1, max-image-preview:large, max-video-preview:-1\" \/>\n<link rel=\"canonical\" href=\"https:\/\/mathematiknachhilfepositiv.at\/?page_id=17\" \/>\n<meta property=\"og:locale\" content=\"de_DE\" \/>\n<meta property=\"og:type\" content=\"article\" \/>\n<meta property=\"og:title\" content=\"Nachhilfe in Wien - Mathematik und Physik Nachhilfe in Wien\" \/>\n<meta property=\"og:description\" content=\"Die klassische Nachhilfe bei Ihnen zu Hause Ich komme zu Ihnen nach Hause in Wien und Wien-Umgebung. Somit verlieren Sie keine Zeit bei der Fahrt zum Unterricht. Diese klassische Art der Nachhilfe ist die effektivste und verspricht den gr\u00f6\u00dften Lernerfolg. Durch diese intensive Einzelbetreuung kann auf die speziellen Bed\u00fcrfnisse des Sch\u00fclers eingegangen werden. Somit erhalten &hellip; Nachhilfe in Wien Weiterlesen &raquo;\" \/>\n<meta property=\"og:url\" content=\"https:\/\/mathematiknachhilfepositiv.at\/?page_id=17\" \/>\n<meta property=\"og:site_name\" content=\"Mathematik und Physik Nachhilfe in Wien\" \/>\n<meta property=\"article:publisher\" content=\"https:\/\/www.facebook.com\/MathematikNachhilfePositiv\" \/>\n<meta property=\"article:modified_time\" content=\"2022-06-25T13:30:36+00:00\" \/>\n<meta name=\"twitter:card\" content=\"summary_large_image\" \/>\n<meta name=\"twitter:label1\" content=\"Gesch\u00e4tzte Lesezeit\" \/>\n\t<meta name=\"twitter:data1\" content=\"1\u00a0Minute\" \/>\n<script type=\"application\/ld+json\" class=\"yoast-schema-graph\">{\"@context\":\"https:\/\/schema.org\",\"@graph\":[{\"@type\":\"WebPage\",\"@id\":\"https:\/\/mathematiknachhilfepositiv.at\/?page_id=17\",\"url\":\"https:\/\/mathematiknachhilfepositiv.at\/?page_id=17\",\"name\":\"Nachhilfe in Wien - Mathematik und Physik Nachhilfe in Wien\",\"isPartOf\":{\"@id\":\"https:\/\/mathematiknachhilfepositiv.at\/#website\"},\"datePublished\":\"2022-06-25T13:24:08+00:00\",\"dateModified\":\"2022-06-25T13:30:36+00:00\",\"breadcrumb\":{\"@id\":\"https:\/\/mathematiknachhilfepositiv.at\/?page_id=17#breadcrumb\"},\"inLanguage\":\"de\",\"potentialAction\":[{\"@type\":\"ReadAction\",\"target\":[\"https:\/\/mathematiknachhilfepositiv.at\/?page_id=17\"]}]},{\"@type\":\"BreadcrumbList\",\"@id\":\"https:\/\/mathematiknachhilfepositiv.at\/?page_id=17#breadcrumb\",\"itemListElement\":[{\"@type\":\"ListItem\",\"position\":1,\"name\":\"Startseite\",\"item\":\"https:\/\/mathematiknachhilfepositiv.at\/\"},{\"@type\":\"ListItem\",\"position\":2,\"name\":\"Nachhilfe in Wien\"}]},{\"@type\":\"WebSite\",\"@id\":\"https:\/\/mathematiknachhilfepositiv.at\/#website\",\"url\":\"https:\/\/mathematiknachhilfepositiv.at\/\",\"name\":\"Mathematik und Physik Nachhilfe in Wien\",\"description\":\"Die Nachhilfe in Mathematik und Physik, wenn es wieder gut werden muss. Zuverl\u00e4ssig und schnell, mit langj\u00e4hriger Erfahrung und hocher Erfolgsquote.\",\"publisher\":{\"@id\":\"https:\/\/mathematiknachhilfepositiv.at\/#organization\"},\"potentialAction\":[{\"@type\":\"SearchAction\",\"target\":{\"@type\":\"EntryPoint\",\"urlTemplate\":\"https:\/\/mathematiknachhilfepositiv.at\/?s={search_term_string}\"},\"query-input\":\"required name=search_term_string\"}],\"inLanguage\":\"de\"},{\"@type\":\"Organization\",\"@id\":\"https:\/\/mathematiknachhilfepositiv.at\/#organization\",\"name\":\"Mathematik Nachhhilfe Positiv\",\"url\":\"https:\/\/mathematiknachhilfepositiv.at\/\",\"logo\":{\"@type\":\"ImageObject\",\"inLanguage\":\"de\",\"@id\":\"https:\/\/mathematiknachhilfepositiv.at\/#\/schema\/logo\/image\/\",\"url\":\"https:\/\/i0.wp.com\/mathematiknachhilfepositiv.at\/wp-content\/uploads\/2022\/06\/cropped-Logo-scaled-2.jpg?fit=2324%2C2293&ssl=1\",\"contentUrl\":\"https:\/\/i0.wp.com\/mathematiknachhilfepositiv.at\/wp-content\/uploads\/2022\/06\/cropped-Logo-scaled-2.jpg?fit=2324%2C2293&ssl=1\",\"width\":2324,\"height\":2293,\"caption\":\"Mathematik Nachhhilfe Positiv\"},\"image\":{\"@id\":\"https:\/\/mathematiknachhilfepositiv.at\/#\/schema\/logo\/image\/\"},\"sameAs\":[\"https:\/\/www.facebook.com\/MathematikNachhilfePositiv\"]}]}<\/script>\n<!-- \/ Yoast SEO plugin. -->","yoast_head_json":{"title":"Nachhilfe in Wien - Mathematik und Physik Nachhilfe in Wien","robots":{"index":"index","follow":"follow","max-snippet":"max-snippet:-1","max-image-preview":"max-image-preview:large","max-video-preview":"max-video-preview:-1"},"canonical":"https:\/\/mathematiknachhilfepositiv.at\/?page_id=17","og_locale":"de_DE","og_type":"article","og_title":"Nachhilfe in Wien - Mathematik und Physik Nachhilfe in Wien","og_description":"Die klassische Nachhilfe bei Ihnen zu Hause Ich komme zu Ihnen nach Hause in Wien und Wien-Umgebung. Somit verlieren Sie keine Zeit bei der Fahrt zum Unterricht. Diese klassische Art der Nachhilfe ist die effektivste und verspricht den gr\u00f6\u00dften Lernerfolg. Durch diese intensive Einzelbetreuung kann auf die speziellen Bed\u00fcrfnisse des Sch\u00fclers eingegangen werden. Somit erhalten &hellip; Nachhilfe in Wien Weiterlesen &raquo;","og_url":"https:\/\/mathematiknachhilfepositiv.at\/?page_id=17","og_site_name":"Mathematik und Physik Nachhilfe in Wien","article_publisher":"https:\/\/www.facebook.com\/MathematikNachhilfePositiv","article_modified_time":"2022-06-25T13:30:36+00:00","twitter_card":"summary_large_image","twitter_misc":{"Gesch\u00e4tzte Lesezeit":"1\u00a0Minute"},"schema":{"@context":"https:\/\/schema.org","@graph":[{"@type":"WebPage","@id":"https:\/\/mathematiknachhilfepositiv.at\/?page_id=17","url":"https:\/\/mathematiknachhilfepositiv.at\/?page_id=17","name":"Nachhilfe in Wien - Mathematik und Physik Nachhilfe in Wien","isPartOf":{"@id":"https:\/\/mathematiknachhilfepositiv.at\/#website"},"datePublished":"2022-06-25T13:24:08+00:00","dateModified":"2022-06-25T13:30:36+00:00","breadcrumb":{"@id":"https:\/\/mathematiknachhilfepositiv.at\/?page_id=17#breadcrumb"},"inLanguage":"de","potentialAction":[{"@type":"ReadAction","target":["https:\/\/mathematiknachhilfepositiv.at\/?page_id=17"]}]},{"@type":"BreadcrumbList","@id":"https:\/\/mathematiknachhilfepositiv.at\/?page_id=17#breadcrumb","itemListElement":[{"@type":"ListItem","position":1,"name":"Startseite","item":"https:\/\/mathematiknachhilfepositiv.at\/"},{"@type":"ListItem","position":2,"name":"Nachhilfe in Wien"}]},{"@type":"WebSite","@id":"https:\/\/mathematiknachhilfepositiv.at\/#website","url":"https:\/\/mathematiknachhilfepositiv.at\/","name":"Mathematik und Physik Nachhilfe in Wien","description":"Die Nachhilfe in Mathematik und Physik, wenn es wieder gut werden muss. Zuverl\u00e4ssig und schnell, mit langj\u00e4hriger Erfahrung und hocher Erfolgsquote.","publisher":{"@id":"https:\/\/mathematiknachhilfepositiv.at\/#organization"},"potentialAction":[{"@type":"SearchAction","target":{"@type":"EntryPoint","urlTemplate":"https:\/\/mathematiknachhilfepositiv.at\/?s={search_term_string}"},"query-input":"required name=search_term_string"}],"inLanguage":"de"},{"@type":"Organization","@id":"https:\/\/mathematiknachhilfepositiv.at\/#organization","name":"Mathematik Nachhhilfe Positiv","url":"https:\/\/mathematiknachhilfepositiv.at\/","logo":{"@type":"ImageObject","inLanguage":"de","@id":"https:\/\/mathematiknachhilfepositiv.at\/#\/schema\/logo\/image\/","url":"https:\/\/i0.wp.com\/mathematiknachhilfepositiv.at\/wp-content\/uploads\/2022\/06\/cropped-Logo-scaled-2.jpg?fit=2324%2C2293&ssl=1","contentUrl":"https:\/\/i0.wp.com\/mathematiknachhilfepositiv.at\/wp-content\/uploads\/2022\/06\/cropped-Logo-scaled-2.jpg?fit=2324%2C2293&ssl=1","width":2324,"height":2293,"caption":"Mathematik Nachhhilfe Positiv"},"image":{"@id":"https:\/\/mathematiknachhilfepositiv.at\/#\/schema\/logo\/image\/"},"sameAs":["https:\/\/www.facebook.com\/MathematikNachhilfePositiv"]}]}},"_links":{"self":[{"href":"https:\/\/mathematiknachhilfepositiv.at\/index.php?rest_route=\/wp\/v2\/pages\/17","targetHints":{"allow":["GET"]}}],"collection":[{"href":"https:\/\/mathematiknachhilfepositiv.at\/index.php?rest_route=\/wp\/v2\/pages"}],"about":[{"href":"https:\/\/mathematiknachhilfepositiv.at\/index.php?rest_route=\/wp\/v2\/types\/page"}],"author":[{"embeddable":true,"href":"https:\/\/mathematiknachhilfepositiv.at\/index.php?rest_route=\/wp\/v2\/users\/1"}],"replies":[{"embeddable":true,"href":"https:\/\/mathematiknachhilfepositiv.at\/index.php?rest_route=%2Fwp%2Fv2%2Fcomments&post=17"}],"version-history":[{"count":2,"href":"https:\/\/mathematiknachhilfepositiv.at\/index.php?rest_route=\/wp\/v2\/pages\/17\/revisions"}],"predecessor-version":[{"id":19,"href":"https:\/\/mathematiknachhilfepositiv.at\/index.php?rest_route=\/wp\/v2\/pages\/17\/revisions\/19"}],"wp:attachment":[{"href":"https:\/\/mathematiknachhilfepositiv.at\/index.php?rest_route=%2Fwp%2Fv2%2Fmedia&parent=17"}],"curies":[{"name":"wp","href":"https:\/\/api.w.org\/{rel}","templated":true}]}}