{"id":20,"date":"2022-06-25T13:26:08","date_gmt":"2022-06-25T13:26:08","guid":{"rendered":"https:\/\/mathematiknachhilfepositiv.at\/?page_id=20"},"modified":"2022-06-25T13:30:18","modified_gmt":"2022-06-25T13:30:18","slug":"nachhilfe-in-kleingruppen","status":"publish","type":"page","link":"https:\/\/mathematiknachhilfepositiv.at\/?page_id=20","title":{"rendered":"Nachhilfe in Kleingruppen"},"content":{"rendered":"\n<p>Maximal 2 Sch\u00fcler.<\/p>\n\n\n\n<p>Diese Option ist gelegentlich f\u00fcr Geschwisterpaare Interessant. <\/p>\n\n\n\n<p>Aber nat\u00fcrlich k\u00f6nnen auch Klassenkameraden gemeinsam Unterrichtseinheiten buchen.<\/p>\n","protected":false},"excerpt":{"rendered":"<p>Maximal 2 Sch\u00fcler. Diese Option ist gelegentlich f\u00fcr Geschwisterpaare Interessant. Aber nat\u00fcrlich k\u00f6nnen auch Klassenkameraden gemeinsam Unterrichtseinheiten buchen.<\/p>\n","protected":false},"author":1,"featured_media":0,"parent":0,"menu_order":0,"comment_status":"closed","ping_status":"closed","template":"","meta":{"site-sidebar-layout":"default","site-content-layout":"default","ast-global-header-display":"","ast-main-header-display":"","ast-hfb-above-header-display":"","ast-hfb-below-header-display":"","ast-hfb-mobile-header-display":"","site-post-title":"","ast-breadcrumbs-content":"","ast-featured-img":"","footer-sml-layout":"","theme-transparent-header-meta":"","adv-header-id-meta":"","stick-header-meta":"","header-above-stick-meta":"","header-main-stick-meta":"","header-below-stick-meta":"","footnotes":""},"class_list":["post-20","page","type-page","status-publish","hentry"],"featured_image_urls":{},"yoast_head":"<!-- This site is optimized with the Yoast SEO plugin v20.10 - https:\/\/yoast.com\/wordpress\/plugins\/seo\/ -->\n<title>Nachhilfe in Kleingruppen - Mathematik und Physik Nachhilfe in Wien<\/title>\n<meta name=\"robots\" content=\"index, follow, max-snippet:-1, max-image-preview:large, max-video-preview:-1\" \/>\n<link rel=\"canonical\" href=\"https:\/\/mathematiknachhilfepositiv.at\/?page_id=20\" \/>\n<meta property=\"og:locale\" content=\"de_DE\" \/>\n<meta property=\"og:type\" content=\"article\" \/>\n<meta property=\"og:title\" content=\"Nachhilfe in Kleingruppen - Mathematik und Physik Nachhilfe in Wien\" \/>\n<meta property=\"og:description\" content=\"Maximal 2 Sch\u00fcler. Diese Option ist gelegentlich f\u00fcr Geschwisterpaare Interessant. Aber nat\u00fcrlich k\u00f6nnen auch Klassenkameraden gemeinsam Unterrichtseinheiten buchen.\" \/>\n<meta property=\"og:url\" content=\"https:\/\/mathematiknachhilfepositiv.at\/?page_id=20\" \/>\n<meta property=\"og:site_name\" content=\"Mathematik und Physik Nachhilfe in Wien\" \/>\n<meta property=\"article:publisher\" content=\"https:\/\/www.facebook.com\/MathematikNachhilfePositiv\" \/>\n<meta property=\"article:modified_time\" content=\"2022-06-25T13:30:18+00:00\" \/>\n<meta name=\"twitter:card\" content=\"summary_large_image\" \/>\n<meta name=\"twitter:label1\" content=\"Gesch\u00e4tzte Lesezeit\" \/>\n\t<meta name=\"twitter:data1\" content=\"1\u00a0Minute\" \/>\n<script type=\"application\/ld+json\" class=\"yoast-schema-graph\">{\"@context\":\"https:\/\/schema.org\",\"@graph\":[{\"@type\":\"WebPage\",\"@id\":\"https:\/\/mathematiknachhilfepositiv.at\/?page_id=20\",\"url\":\"https:\/\/mathematiknachhilfepositiv.at\/?page_id=20\",\"name\":\"Nachhilfe in Kleingruppen - Mathematik und Physik Nachhilfe in Wien\",\"isPartOf\":{\"@id\":\"https:\/\/mathematiknachhilfepositiv.at\/#website\"},\"datePublished\":\"2022-06-25T13:26:08+00:00\",\"dateModified\":\"2022-06-25T13:30:18+00:00\",\"breadcrumb\":{\"@id\":\"https:\/\/mathematiknachhilfepositiv.at\/?page_id=20#breadcrumb\"},\"inLanguage\":\"de\",\"potentialAction\":[{\"@type\":\"ReadAction\",\"target\":[\"https:\/\/mathematiknachhilfepositiv.at\/?page_id=20\"]}]},{\"@type\":\"BreadcrumbList\",\"@id\":\"https:\/\/mathematiknachhilfepositiv.at\/?page_id=20#breadcrumb\",\"itemListElement\":[{\"@type\":\"ListItem\",\"position\":1,\"name\":\"Startseite\",\"item\":\"https:\/\/mathematiknachhilfepositiv.at\/\"},{\"@type\":\"ListItem\",\"position\":2,\"name\":\"Nachhilfe in Kleingruppen\"}]},{\"@type\":\"WebSite\",\"@id\":\"https:\/\/mathematiknachhilfepositiv.at\/#website\",\"url\":\"https:\/\/mathematiknachhilfepositiv.at\/\",\"name\":\"Mathematik und Physik Nachhilfe in Wien\",\"description\":\"Die Nachhilfe in Mathematik und Physik, wenn es wieder gut werden muss. Zuverl\u00e4ssig und schnell, mit langj\u00e4hriger Erfahrung und hocher Erfolgsquote.\",\"publisher\":{\"@id\":\"https:\/\/mathematiknachhilfepositiv.at\/#organization\"},\"potentialAction\":[{\"@type\":\"SearchAction\",\"target\":{\"@type\":\"EntryPoint\",\"urlTemplate\":\"https:\/\/mathematiknachhilfepositiv.at\/?s={search_term_string}\"},\"query-input\":\"required name=search_term_string\"}],\"inLanguage\":\"de\"},{\"@type\":\"Organization\",\"@id\":\"https:\/\/mathematiknachhilfepositiv.at\/#organization\",\"name\":\"Mathematik Nachhhilfe Positiv\",\"url\":\"https:\/\/mathematiknachhilfepositiv.at\/\",\"logo\":{\"@type\":\"ImageObject\",\"inLanguage\":\"de\",\"@id\":\"https:\/\/mathematiknachhilfepositiv.at\/#\/schema\/logo\/image\/\",\"url\":\"https:\/\/i0.wp.com\/mathematiknachhilfepositiv.at\/wp-content\/uploads\/2022\/06\/cropped-Logo-scaled-2.jpg?fit=2324%2C2293&ssl=1\",\"contentUrl\":\"https:\/\/i0.wp.com\/mathematiknachhilfepositiv.at\/wp-content\/uploads\/2022\/06\/cropped-Logo-scaled-2.jpg?fit=2324%2C2293&ssl=1\",\"width\":2324,\"height\":2293,\"caption\":\"Mathematik Nachhhilfe Positiv\"},\"image\":{\"@id\":\"https:\/\/mathematiknachhilfepositiv.at\/#\/schema\/logo\/image\/\"},\"sameAs\":[\"https:\/\/www.facebook.com\/MathematikNachhilfePositiv\"]}]}<\/script>\n<!-- \/ Yoast SEO plugin. -->","yoast_head_json":{"title":"Nachhilfe in Kleingruppen - Mathematik und Physik Nachhilfe in Wien","robots":{"index":"index","follow":"follow","max-snippet":"max-snippet:-1","max-image-preview":"max-image-preview:large","max-video-preview":"max-video-preview:-1"},"canonical":"https:\/\/mathematiknachhilfepositiv.at\/?page_id=20","og_locale":"de_DE","og_type":"article","og_title":"Nachhilfe in Kleingruppen - Mathematik und Physik Nachhilfe in Wien","og_description":"Maximal 2 Sch\u00fcler. Diese Option ist gelegentlich f\u00fcr Geschwisterpaare Interessant. Aber nat\u00fcrlich k\u00f6nnen auch Klassenkameraden gemeinsam Unterrichtseinheiten buchen.","og_url":"https:\/\/mathematiknachhilfepositiv.at\/?page_id=20","og_site_name":"Mathematik und Physik Nachhilfe in Wien","article_publisher":"https:\/\/www.facebook.com\/MathematikNachhilfePositiv","article_modified_time":"2022-06-25T13:30:18+00:00","twitter_card":"summary_large_image","twitter_misc":{"Gesch\u00e4tzte Lesezeit":"1\u00a0Minute"},"schema":{"@context":"https:\/\/schema.org","@graph":[{"@type":"WebPage","@id":"https:\/\/mathematiknachhilfepositiv.at\/?page_id=20","url":"https:\/\/mathematiknachhilfepositiv.at\/?page_id=20","name":"Nachhilfe in Kleingruppen - Mathematik und Physik Nachhilfe in Wien","isPartOf":{"@id":"https:\/\/mathematiknachhilfepositiv.at\/#website"},"datePublished":"2022-06-25T13:26:08+00:00","dateModified":"2022-06-25T13:30:18+00:00","breadcrumb":{"@id":"https:\/\/mathematiknachhilfepositiv.at\/?page_id=20#breadcrumb"},"inLanguage":"de","potentialAction":[{"@type":"ReadAction","target":["https:\/\/mathematiknachhilfepositiv.at\/?page_id=20"]}]},{"@type":"BreadcrumbList","@id":"https:\/\/mathematiknachhilfepositiv.at\/?page_id=20#breadcrumb","itemListElement":[{"@type":"ListItem","position":1,"name":"Startseite","item":"https:\/\/mathematiknachhilfepositiv.at\/"},{"@type":"ListItem","position":2,"name":"Nachhilfe in Kleingruppen"}]},{"@type":"WebSite","@id":"https:\/\/mathematiknachhilfepositiv.at\/#website","url":"https:\/\/mathematiknachhilfepositiv.at\/","name":"Mathematik und Physik Nachhilfe in Wien","description":"Die Nachhilfe in Mathematik und Physik, wenn es wieder gut werden muss. Zuverl\u00e4ssig und schnell, mit langj\u00e4hriger Erfahrung und hocher Erfolgsquote.","publisher":{"@id":"https:\/\/mathematiknachhilfepositiv.at\/#organization"},"potentialAction":[{"@type":"SearchAction","target":{"@type":"EntryPoint","urlTemplate":"https:\/\/mathematiknachhilfepositiv.at\/?s={search_term_string}"},"query-input":"required name=search_term_string"}],"inLanguage":"de"},{"@type":"Organization","@id":"https:\/\/mathematiknachhilfepositiv.at\/#organization","name":"Mathematik Nachhhilfe Positiv","url":"https:\/\/mathematiknachhilfepositiv.at\/","logo":{"@type":"ImageObject","inLanguage":"de","@id":"https:\/\/mathematiknachhilfepositiv.at\/#\/schema\/logo\/image\/","url":"https:\/\/i0.wp.com\/mathematiknachhilfepositiv.at\/wp-content\/uploads\/2022\/06\/cropped-Logo-scaled-2.jpg?fit=2324%2C2293&ssl=1","contentUrl":"https:\/\/i0.wp.com\/mathematiknachhilfepositiv.at\/wp-content\/uploads\/2022\/06\/cropped-Logo-scaled-2.jpg?fit=2324%2C2293&ssl=1","width":2324,"height":2293,"caption":"Mathematik Nachhhilfe Positiv"},"image":{"@id":"https:\/\/mathematiknachhilfepositiv.at\/#\/schema\/logo\/image\/"},"sameAs":["https:\/\/www.facebook.com\/MathematikNachhilfePositiv"]}]}},"_links":{"self":[{"href":"https:\/\/mathematiknachhilfepositiv.at\/index.php?rest_route=\/wp\/v2\/pages\/20","targetHints":{"allow":["GET"]}}],"collection":[{"href":"https:\/\/mathematiknachhilfepositiv.at\/index.php?rest_route=\/wp\/v2\/pages"}],"about":[{"href":"https:\/\/mathematiknachhilfepositiv.at\/index.php?rest_route=\/wp\/v2\/types\/page"}],"author":[{"embeddable":true,"href":"https:\/\/mathematiknachhilfepositiv.at\/index.php?rest_route=\/wp\/v2\/users\/1"}],"replies":[{"embeddable":true,"href":"https:\/\/mathematiknachhilfepositiv.at\/index.php?rest_route=%2Fwp%2Fv2%2Fcomments&post=20"}],"version-history":[{"count":1,"href":"https:\/\/mathematiknachhilfepositiv.at\/index.php?rest_route=\/wp\/v2\/pages\/20\/revisions"}],"predecessor-version":[{"id":21,"href":"https:\/\/mathematiknachhilfepositiv.at\/index.php?rest_route=\/wp\/v2\/pages\/20\/revisions\/21"}],"wp:attachment":[{"href":"https:\/\/mathematiknachhilfepositiv.at\/index.php?rest_route=%2Fwp%2Fv2%2Fmedia&parent=20"}],"curies":[{"name":"wp","href":"https:\/\/api.w.org\/{rel}","templated":true}]}}